{"id":12198,"date":"2021-02-03T11:33:00","date_gmt":"2021-02-03T10:33:00","guid":{"rendered":"https:\/\/bolsascastresana-fabricantedeplasticos.com\/?page_id=12198"},"modified":"2024-12-20T07:17:03","modified_gmt":"2024-12-20T06:17:03","slug":"medio-ambiente","status":"publish","type":"page","link":"https:\/\/bolsascastresana-fabricantedeplasticos.com\/index.php\/medio-ambiente\/","title":{"rendered":"Medio Ambiente"},"content":{"rendered":"\r\n<p>&nbsp;<\/p>\r\n\r\n\r\n<p>&nbsp;<\/p>\r\n\r\n\r\n<h2 class=\"wp-block-heading\">POLITICA MEDIOAMBIENTAL<\/h2>\r\n\r\n\r\n<p>&nbsp;<\/p>\r\n\r\n\r\n<p>Bolsas Castresana, es una empresa dedicada a la fabricaci\u00f3n de bolsas y sacos de pl\u00e1stico en baja y alta densidad, tanto en material reciclado como en virgen.<\/p>\r\n\r\n\r\n<p>A este respecto, en la gesti\u00f3n de nuestras actividades, el compromiso con la calidad del producto, una amplia oferta de productos lo m\u00e1s sostenibles, un servicio adaptado al cliente, y el cumplimiento de la legislaci\u00f3n aplicable u otros requisitos de las partes interesadas, en todas nuestras actividades, es una constante en el funcionamiento de la Organizaci\u00f3n, por todo ello, la Direcci\u00f3n establece los siguientes compromisos:<\/p>\r\n\r\n\r\n<ul>\r\n\t<li>Implantar las medidas necesarias para prevenir y\/o eliminar todos los factores que repercutan negativamente en la calidad de los productos y servicios desarrollados.<\/li>\r\n\t<li>Implantar las medidas necesarias para la prevenci\u00f3n de la contaminaci\u00f3n, aplicando las Buenas Pr\u00e1cticas de consumos y gesti\u00f3n de residuos derivadas de nuestra actividad.<\/li>\r\n\t<li>Garantizar el cumplimiento de la legislaci\u00f3n y reglamentaci\u00f3n aplicable a nuestra actividad, y fundamentalmente aquellas relacionadas con la normativa relativa a nuestros productos, la normativa ambiental, as\u00ed como cualquier otro requisito, que sin ser preceptivo, sea adquirido como compromiso por nosotros.<\/li>\r\n\t<li>Fomentar la participaci\u00f3n e implicaci\u00f3n de todos los trabajadores de la Empresa, en el funcionamiento del Sistema de Gesti\u00f3n, y en el desarrollo e implementaci\u00f3n de esta Pol\u00edtica, as\u00ed como proporcionar una cualificaci\u00f3n y sensibilizaci\u00f3n adecuada al personal para que desempe\u00f1e sus actividades con los m\u00e1ximos niveles de calidad posibles.<\/li>\r\n\t<li>Promover entre nuestros suministradores, proveedores y usuarios, el cumplimiento de todas las disposiciones establecidas por la empresa en materia de calidad y Gesti\u00f3n Ambiental.<\/li>\r\n\t<li>Incluir todas nuestras actividades dentro de la filosof\u00eda de la Mejora Continua, y fundamentalmente aquellas actividades que directa o indirectamente repercutan en la calidad de nuestro servicio, o incidan en la satisfacci\u00f3n de nuestros clientes.<\/li>\r\n<\/ul>\r\n\r\n\r\n<p><br \/>\r\nA fin de alcanzar estos compromisos, la Direcci\u00f3n establecer\u00e1 y documentar\u00e1 unos objetivos reales y cuantificables con car\u00e1cter anual.<br \/>\r\nFinalmente, esta Pol\u00edtica es revisada de manera anual por Direcci\u00f3n, para asegurar que su contenido es plenamente vigente, est\u00e1 en consonancia con los valores de la organizaci\u00f3n y es coherente con la estrategia empresarial.<\/p>\r\n","protected":false},"excerpt":{"rendered":"<p>&nbsp; &nbsp; POLITICA MEDIOAMBIENTAL &nbsp; Bolsas Castresana, es una empresa dedicada a la fabricaci\u00f3n de bolsas y sacos de pl\u00e1stico en baja y alta densidad, tanto en material reciclado como en virgen. A este respecto, en la gesti\u00f3n de nuestras actividades, el compromiso con la calidad del producto, una amplia oferta de productos lo m\u00e1s  [&#8230;]<\/p>\n","protected":false},"author":2,"featured_media":0,"parent":0,"menu_order":0,"comment_status":"closed","ping_status":"closed","template":"100-width.php","meta":{"footnotes":""},"class_list":["post-12198","page","type-page","status-publish","hentry"],"yoast_head":"<!-- This site is optimized with the Yoast SEO plugin v24.1 - https:\/\/yoast.com\/wordpress\/plugins\/seo\/ -->\n<title>Medio Ambiente - Bolsas Castresana<\/title>\n<meta name=\"robots\" content=\"index, follow, max-snippet:-1, max-image-preview:large, max-video-preview:-1\" \/>\n<link rel=\"canonical\" href=\"https:\/\/bolsascastresana-fabricantedeplasticos.com\/index.php\/medio-ambiente\/\" \/>\n<meta property=\"og:locale\" content=\"es_ES\" \/>\n<meta property=\"og:type\" content=\"article\" \/>\n<meta property=\"og:title\" content=\"Medio Ambiente - Bolsas Castresana\" \/>\n<meta property=\"og:description\" content=\"&nbsp; &nbsp; POLITICA MEDIOAMBIENTAL &nbsp; Bolsas Castresana, es una empresa dedicada a la fabricaci\u00f3n de bolsas y sacos de pl\u00e1stico en baja y alta densidad, tanto en material reciclado como en virgen. A este respecto, en la gesti\u00f3n de nuestras actividades, el compromiso con la calidad del producto, una amplia oferta de productos lo m\u00e1s [...]\" \/>\n<meta property=\"og:url\" content=\"https:\/\/bolsascastresana-fabricantedeplasticos.com\/index.php\/medio-ambiente\/\" \/>\n<meta property=\"og:site_name\" content=\"Bolsas Castresana\" \/>\n<meta property=\"article:modified_time\" content=\"2024-12-20T06:17:03+00:00\" \/>\n<meta name=\"twitter:card\" content=\"summary_large_image\" \/>\n<meta name=\"twitter:label1\" content=\"Tiempo de lectura\" \/>\n\t<meta name=\"twitter:data1\" content=\"2 minutos\" \/>\n<script type=\"application\/ld+json\" class=\"yoast-schema-graph\">{\"@context\":\"https:\/\/schema.org\",\"@graph\":[{\"@type\":\"WebPage\",\"@id\":\"https:\/\/bolsascastresana-fabricantedeplasticos.com\/index.php\/medio-ambiente\/\",\"url\":\"https:\/\/bolsascastresana-fabricantedeplasticos.com\/index.php\/medio-ambiente\/\",\"name\":\"Medio Ambiente - Bolsas Castresana\",\"isPartOf\":{\"@id\":\"https:\/\/bolsascastresana-fabricantedeplasticos.com\/#website\"},\"datePublished\":\"2021-02-03T10:33:00+00:00\",\"dateModified\":\"2024-12-20T06:17:03+00:00\",\"breadcrumb\":{\"@id\":\"https:\/\/bolsascastresana-fabricantedeplasticos.com\/index.php\/medio-ambiente\/#breadcrumb\"},\"inLanguage\":\"es\",\"potentialAction\":[{\"@type\":\"ReadAction\",\"target\":[\"https:\/\/bolsascastresana-fabricantedeplasticos.com\/index.php\/medio-ambiente\/\"]}]},{\"@type\":\"BreadcrumbList\",\"@id\":\"https:\/\/bolsascastresana-fabricantedeplasticos.com\/index.php\/medio-ambiente\/#breadcrumb\",\"itemListElement\":[{\"@type\":\"ListItem\",\"position\":1,\"name\":\"Portada\",\"item\":\"https:\/\/bolsascastresana-fabricantedeplasticos.com\/\"},{\"@type\":\"ListItem\",\"position\":2,\"name\":\"Medio Ambiente\"}]},{\"@type\":\"WebSite\",\"@id\":\"https:\/\/bolsascastresana-fabricantedeplasticos.com\/#website\",\"url\":\"https:\/\/bolsascastresana-fabricantedeplasticos.com\/\",\"name\":\"Bolsas Castresana\",\"description\":\"Fabricantes de Bolsas y Embalajes de Pl\u00e1stico\",\"potentialAction\":[{\"@type\":\"SearchAction\",\"target\":{\"@type\":\"EntryPoint\",\"urlTemplate\":\"https:\/\/bolsascastresana-fabricantedeplasticos.com\/?s={search_term_string}\"},\"query-input\":{\"@type\":\"PropertyValueSpecification\",\"valueRequired\":true,\"valueName\":\"search_term_string\"}}],\"inLanguage\":\"es\"}]}<\/script>\n<!-- \/ Yoast SEO plugin. -->","yoast_head_json":{"title":"Medio Ambiente - Bolsas Castresana","robots":{"index":"index","follow":"follow","max-snippet":"max-snippet:-1","max-image-preview":"max-image-preview:large","max-video-preview":"max-video-preview:-1"},"canonical":"https:\/\/bolsascastresana-fabricantedeplasticos.com\/index.php\/medio-ambiente\/","og_locale":"es_ES","og_type":"article","og_title":"Medio Ambiente - Bolsas Castresana","og_description":"&nbsp; &nbsp; POLITICA MEDIOAMBIENTAL &nbsp; Bolsas Castresana, es una empresa dedicada a la fabricaci\u00f3n de bolsas y sacos de pl\u00e1stico en baja y alta densidad, tanto en material reciclado como en virgen. A este respecto, en la gesti\u00f3n de nuestras actividades, el compromiso con la calidad del producto, una amplia oferta de productos lo m\u00e1s [...]","og_url":"https:\/\/bolsascastresana-fabricantedeplasticos.com\/index.php\/medio-ambiente\/","og_site_name":"Bolsas Castresana","article_modified_time":"2024-12-20T06:17:03+00:00","twitter_card":"summary_large_image","twitter_misc":{"Tiempo de lectura":"2 minutos"},"schema":{"@context":"https:\/\/schema.org","@graph":[{"@type":"WebPage","@id":"https:\/\/bolsascastresana-fabricantedeplasticos.com\/index.php\/medio-ambiente\/","url":"https:\/\/bolsascastresana-fabricantedeplasticos.com\/index.php\/medio-ambiente\/","name":"Medio Ambiente - Bolsas Castresana","isPartOf":{"@id":"https:\/\/bolsascastresana-fabricantedeplasticos.com\/#website"},"datePublished":"2021-02-03T10:33:00+00:00","dateModified":"2024-12-20T06:17:03+00:00","breadcrumb":{"@id":"https:\/\/bolsascastresana-fabricantedeplasticos.com\/index.php\/medio-ambiente\/#breadcrumb"},"inLanguage":"es","potentialAction":[{"@type":"ReadAction","target":["https:\/\/bolsascastresana-fabricantedeplasticos.com\/index.php\/medio-ambiente\/"]}]},{"@type":"BreadcrumbList","@id":"https:\/\/bolsascastresana-fabricantedeplasticos.com\/index.php\/medio-ambiente\/#breadcrumb","itemListElement":[{"@type":"ListItem","position":1,"name":"Portada","item":"https:\/\/bolsascastresana-fabricantedeplasticos.com\/"},{"@type":"ListItem","position":2,"name":"Medio Ambiente"}]},{"@type":"WebSite","@id":"https:\/\/bolsascastresana-fabricantedeplasticos.com\/#website","url":"https:\/\/bolsascastresana-fabricantedeplasticos.com\/","name":"Bolsas Castresana","description":"Fabricantes de Bolsas y Embalajes de Pl\u00e1stico","potentialAction":[{"@type":"SearchAction","target":{"@type":"EntryPoint","urlTemplate":"https:\/\/bolsascastresana-fabricantedeplasticos.com\/?s={search_term_string}"},"query-input":{"@type":"PropertyValueSpecification","valueRequired":true,"valueName":"search_term_string"}}],"inLanguage":"es"}]}},"_links":{"self":[{"href":"https:\/\/bolsascastresana-fabricantedeplasticos.com\/index.php\/wp-json\/wp\/v2\/pages\/12198","targetHints":{"allow":["GET"]}}],"collection":[{"href":"https:\/\/bolsascastresana-fabricantedeplasticos.com\/index.php\/wp-json\/wp\/v2\/pages"}],"about":[{"href":"https:\/\/bolsascastresana-fabricantedeplasticos.com\/index.php\/wp-json\/wp\/v2\/types\/page"}],"author":[{"embeddable":true,"href":"https:\/\/bolsascastresana-fabricantedeplasticos.com\/index.php\/wp-json\/wp\/v2\/users\/2"}],"replies":[{"embeddable":true,"href":"https:\/\/bolsascastresana-fabricantedeplasticos.com\/index.php\/wp-json\/wp\/v2\/comments?post=12198"}],"version-history":[{"count":9,"href":"https:\/\/bolsascastresana-fabricantedeplasticos.com\/index.php\/wp-json\/wp\/v2\/pages\/12198\/revisions"}],"predecessor-version":[{"id":12434,"href":"https:\/\/bolsascastresana-fabricantedeplasticos.com\/index.php\/wp-json\/wp\/v2\/pages\/12198\/revisions\/12434"}],"wp:attachment":[{"href":"https:\/\/bolsascastresana-fabricantedeplasticos.com\/index.php\/wp-json\/wp\/v2\/media?parent=12198"}],"curies":[{"name":"wp","href":"https:\/\/api.w.org\/{rel}","templated":true}]}}