{"id":12245,"date":"2021-03-11T12:01:10","date_gmt":"2021-03-11T11:01:10","guid":{"rendered":"https:\/\/bolsascastresana-fabricantedeplasticos.com\/?page_id=12245"},"modified":"2021-03-11T12:39:10","modified_gmt":"2021-03-11T11:39:10","slug":"politica-de-privacidad","status":"publish","type":"page","link":"https:\/\/bolsascastresana-fabricantedeplasticos.com\/index.php\/politica-de-privacidad\/","title":{"rendered":"Pol\u00edtica de privacidad"},"content":{"rendered":"<h4 style=\"text-align: center;\">Pol\u00edtica de privacidad<\/h4>\n<p style=\"text-align: center;\"><span style=\"color: #e10707;\"><strong>INFORMACI\u00d3N B\u00c1SICA SOBRE PROTECCI\u00d3N DE DATOS:<\/strong><\/span><\/p>\n<ul>\n<li style=\"text-align: justify;\"><strong>Responsable del tratamiento:<\/strong>\n<ul>\n<li style=\"text-align: justify;\"><strong>Identidad:<\/strong> BOLSAS CASTRESANA SL<\/li>\n<li style=\"text-align: justify;\"><strong>NIF: <\/strong>B95511598<\/li>\n<li style=\"text-align: justify;\"><strong>Direcci\u00f3n postal: <\/strong>Torroto Bidea n\u00ba 3, Poligono Belako, Mungia, 48100, BIZKAIA<\/li>\n<li style=\"text-align: justify;\"><strong>Correo electr\u00f3nico: <\/strong><a href=\"mailto:bolsascastresana@bolsascastresana.es\">bolsascastresana@bolsascastresana.es<\/a><\/li>\n<li style=\"text-align: justify;\"><strong>Tel\u00e9fono de contacto: <\/strong>94 498 05 05<\/li>\n<\/ul>\n<\/li>\n<li style=\"text-align: justify;\"><strong>Finalidad del tratamiento:\u00a0<\/strong>\n<ul>\n<li>Responder a las solicitudes realizadas a trav\u00e9s del formulario CONTACTO de la web <a href=\"https:\/\/bolsascastresana-fabricantedeplasticos.com\">bolsascastresana-fabricantedeplasticos.com<\/a> o del correo electr\u00f3nico <a href=\"mailto:bolsascastresana@bolsascastresana.es\">bolsascastresana@bolsascastresana.es<\/a><\/li>\n<li>Responder a los comentarios dejados en el blog del portal.<\/li>\n<li>Enviar informaci\u00f3n sobre productos y servicios ofrecidos por <a href=\"https:\/\/bolsascastresana-fabricantedeplasticos.com\">bolsascastresana-fabricantedeplasticos.com<\/a><\/li>\n<\/ul>\n<\/li>\n<li style=\"text-align: justify;\"><strong>Legitimaci\u00f3n para el tratamiento:<\/strong>\n<ul>\n<li><strong>Usuarios web:<\/strong> Consentimiento expreso del interesado &#8211; Inter\u00e9s leg\u00edtimo.<\/li>\n<li><strong>Clientes web:<\/strong> Ejecuci\u00f3n de contrato &#8211; Consentimiento expreso del interesado &#8211; Inter\u00e9s leg\u00edtimo<\/li>\n<\/ul>\n<\/li>\n<li style=\"text-align: justify;\"><strong>Plazo de conservaci\u00f3n \u00a0de los datos:\u00a0<\/strong>\n<ul>\n<li><strong>Usuarios web: <\/strong>Los datos se conservar\u00e1n mientras el usuario no solicite su supresi\u00f3n.<\/li>\n<li><strong>Clientes web:<\/strong> Los previstos por la legislaci\u00f3n fiscal respecto a la prescripci\u00f3n de responsabilidades.<\/li>\n<\/ul>\n<\/li>\n<li><strong>Comunicaci\u00f3n a terceros: <\/strong>Los datos no se ceder\u00e1n a terceros salvo en los casos en que exista una obligaci\u00f3n legal.<\/li>\n<li><strong>Derechos de los interesados: <\/strong>Acceder, rectificar y suprimir los datos, as\u00ed como otros derechos que se detallan en la informaci\u00f3n adicional.<\/li>\n<li><strong>M\u00e1s informaci\u00f3n:<\/strong> Puede consultar la informaci\u00f3n adicional y detallada sobre Protecci\u00f3n de Datos en las cl\u00e1usulas anexas que se encuentran en:\n<ul>\n<li><strong> INFORMACI\u00d3N ADICIONAL EN PROTECCI\u00d3N DE DATOS: <\/strong><a href=\"https:\/\/bolsascastresana-fabricantedeplasticos.com\/index.php\/politica-de-privacidad-adicional\/\">https:\/\/bolsascastresana-fabricantedeplasticos.com\/index.php\/politica-de-privacidad-adicional\/<\/a><\/li>\n<li><strong>AVISO LEGAL: <\/strong><a href=\"https:\/\/bolsascastresana-fabricantedeplasticos.com\/index.php\/aviso-legal\/\">https:\/\/bolsascastresana-fabricantedeplasticos.com\/index.php\/aviso-legal\/<\/a><\/li>\n<li><strong>POL\u00cdTICA DE COOKIES: <\/strong><a href=\"https:\/\/bolsascastresana-fabricantedeplasticos.com\/index.php\/politica-de-cookies\/\">https:\/\/bolsascastresana-fabricantedeplasticos.com\/index.php\/politica-de-cookies\/<\/a><\/li>\n<\/ul>\n<\/li>\n<\/ul>\n","protected":false},"excerpt":{"rendered":"<p>Pol\u00edtica de privacidad INFORMACI\u00d3N B\u00c1SICA SOBRE PROTECCI\u00d3N DE DATOS: Responsable del tratamiento: Identidad: BOLSAS CASTRESANA SL NIF: B95511598 Direcci\u00f3n postal: Torroto Bidea n\u00ba 3, Poligono Belako, Mungia, 48100, BIZKAIA Correo electr\u00f3nico: bolsascastresana@bolsascastresana.es Tel\u00e9fono de contacto: 94 498 05 05 Finalidad del tratamiento:\u00a0 Responder a las solicitudes realizadas a trav\u00e9s del formulario CONTACTO de la web  [&#8230;]<\/p>\n","protected":false},"author":1,"featured_media":0,"parent":0,"menu_order":0,"comment_status":"closed","ping_status":"closed","template":"100-width.php","meta":{"footnotes":""},"class_list":["post-12245","page","type-page","status-publish","hentry"],"yoast_head":"<!-- This site is optimized with the Yoast SEO plugin v24.1 - https:\/\/yoast.com\/wordpress\/plugins\/seo\/ -->\n<title>Pol\u00edtica de privacidad - Bolsas Castresana<\/title>\n<meta name=\"robots\" content=\"index, follow, max-snippet:-1, max-image-preview:large, max-video-preview:-1\" \/>\n<link rel=\"canonical\" href=\"https:\/\/bolsascastresana-fabricantedeplasticos.com\/index.php\/politica-de-privacidad\/\" \/>\n<meta property=\"og:locale\" content=\"es_ES\" \/>\n<meta property=\"og:type\" content=\"article\" \/>\n<meta property=\"og:title\" content=\"Pol\u00edtica de privacidad - Bolsas Castresana\" \/>\n<meta property=\"og:description\" content=\"Pol\u00edtica de privacidad INFORMACI\u00d3N B\u00c1SICA SOBRE PROTECCI\u00d3N DE DATOS: Responsable del tratamiento: Identidad: BOLSAS CASTRESANA SL NIF: B95511598 Direcci\u00f3n postal: Torroto Bidea n\u00ba 3, Poligono Belako, Mungia, 48100, BIZKAIA Correo electr\u00f3nico: bolsascastresana@bolsascastresana.es Tel\u00e9fono de contacto: 94 498 05 05 Finalidad del tratamiento:\u00a0 Responder a las solicitudes realizadas a trav\u00e9s del formulario CONTACTO de la web [...]\" \/>\n<meta property=\"og:url\" content=\"https:\/\/bolsascastresana-fabricantedeplasticos.com\/index.php\/politica-de-privacidad\/\" \/>\n<meta property=\"og:site_name\" content=\"Bolsas Castresana\" \/>\n<meta property=\"article:modified_time\" content=\"2021-03-11T11:39:10+00:00\" \/>\n<meta name=\"twitter:card\" content=\"summary_large_image\" \/>\n<meta name=\"twitter:label1\" content=\"Tiempo de lectura\" \/>\n\t<meta name=\"twitter:data1\" content=\"1 minuto\" \/>\n<script type=\"application\/ld+json\" class=\"yoast-schema-graph\">{\"@context\":\"https:\/\/schema.org\",\"@graph\":[{\"@type\":\"WebPage\",\"@id\":\"https:\/\/bolsascastresana-fabricantedeplasticos.com\/index.php\/politica-de-privacidad\/\",\"url\":\"https:\/\/bolsascastresana-fabricantedeplasticos.com\/index.php\/politica-de-privacidad\/\",\"name\":\"Pol\u00edtica de privacidad - Bolsas Castresana\",\"isPartOf\":{\"@id\":\"https:\/\/bolsascastresana-fabricantedeplasticos.com\/#website\"},\"datePublished\":\"2021-03-11T11:01:10+00:00\",\"dateModified\":\"2021-03-11T11:39:10+00:00\",\"breadcrumb\":{\"@id\":\"https:\/\/bolsascastresana-fabricantedeplasticos.com\/index.php\/politica-de-privacidad\/#breadcrumb\"},\"inLanguage\":\"es\",\"potentialAction\":[{\"@type\":\"ReadAction\",\"target\":[\"https:\/\/bolsascastresana-fabricantedeplasticos.com\/index.php\/politica-de-privacidad\/\"]}]},{\"@type\":\"BreadcrumbList\",\"@id\":\"https:\/\/bolsascastresana-fabricantedeplasticos.com\/index.php\/politica-de-privacidad\/#breadcrumb\",\"itemListElement\":[{\"@type\":\"ListItem\",\"position\":1,\"name\":\"Portada\",\"item\":\"https:\/\/bolsascastresana-fabricantedeplasticos.com\/\"},{\"@type\":\"ListItem\",\"position\":2,\"name\":\"Pol\u00edtica de privacidad\"}]},{\"@type\":\"WebSite\",\"@id\":\"https:\/\/bolsascastresana-fabricantedeplasticos.com\/#website\",\"url\":\"https:\/\/bolsascastresana-fabricantedeplasticos.com\/\",\"name\":\"Bolsas Castresana\",\"description\":\"Fabricantes de Bolsas y Embalajes de Pl\u00e1stico\",\"potentialAction\":[{\"@type\":\"SearchAction\",\"target\":{\"@type\":\"EntryPoint\",\"urlTemplate\":\"https:\/\/bolsascastresana-fabricantedeplasticos.com\/?s={search_term_string}\"},\"query-input\":{\"@type\":\"PropertyValueSpecification\",\"valueRequired\":true,\"valueName\":\"search_term_string\"}}],\"inLanguage\":\"es\"}]}<\/script>\n<!-- \/ Yoast SEO plugin. -->","yoast_head_json":{"title":"Pol\u00edtica de privacidad - Bolsas Castresana","robots":{"index":"index","follow":"follow","max-snippet":"max-snippet:-1","max-image-preview":"max-image-preview:large","max-video-preview":"max-video-preview:-1"},"canonical":"https:\/\/bolsascastresana-fabricantedeplasticos.com\/index.php\/politica-de-privacidad\/","og_locale":"es_ES","og_type":"article","og_title":"Pol\u00edtica de privacidad - Bolsas Castresana","og_description":"Pol\u00edtica de privacidad INFORMACI\u00d3N B\u00c1SICA SOBRE PROTECCI\u00d3N DE DATOS: Responsable del tratamiento: Identidad: BOLSAS CASTRESANA SL NIF: B95511598 Direcci\u00f3n postal: Torroto Bidea n\u00ba 3, Poligono Belako, Mungia, 48100, BIZKAIA Correo electr\u00f3nico: bolsascastresana@bolsascastresana.es Tel\u00e9fono de contacto: 94 498 05 05 Finalidad del tratamiento:\u00a0 Responder a las solicitudes realizadas a trav\u00e9s del formulario CONTACTO de la web [...]","og_url":"https:\/\/bolsascastresana-fabricantedeplasticos.com\/index.php\/politica-de-privacidad\/","og_site_name":"Bolsas Castresana","article_modified_time":"2021-03-11T11:39:10+00:00","twitter_card":"summary_large_image","twitter_misc":{"Tiempo de lectura":"1 minuto"},"schema":{"@context":"https:\/\/schema.org","@graph":[{"@type":"WebPage","@id":"https:\/\/bolsascastresana-fabricantedeplasticos.com\/index.php\/politica-de-privacidad\/","url":"https:\/\/bolsascastresana-fabricantedeplasticos.com\/index.php\/politica-de-privacidad\/","name":"Pol\u00edtica de privacidad - Bolsas Castresana","isPartOf":{"@id":"https:\/\/bolsascastresana-fabricantedeplasticos.com\/#website"},"datePublished":"2021-03-11T11:01:10+00:00","dateModified":"2021-03-11T11:39:10+00:00","breadcrumb":{"@id":"https:\/\/bolsascastresana-fabricantedeplasticos.com\/index.php\/politica-de-privacidad\/#breadcrumb"},"inLanguage":"es","potentialAction":[{"@type":"ReadAction","target":["https:\/\/bolsascastresana-fabricantedeplasticos.com\/index.php\/politica-de-privacidad\/"]}]},{"@type":"BreadcrumbList","@id":"https:\/\/bolsascastresana-fabricantedeplasticos.com\/index.php\/politica-de-privacidad\/#breadcrumb","itemListElement":[{"@type":"ListItem","position":1,"name":"Portada","item":"https:\/\/bolsascastresana-fabricantedeplasticos.com\/"},{"@type":"ListItem","position":2,"name":"Pol\u00edtica de privacidad"}]},{"@type":"WebSite","@id":"https:\/\/bolsascastresana-fabricantedeplasticos.com\/#website","url":"https:\/\/bolsascastresana-fabricantedeplasticos.com\/","name":"Bolsas Castresana","description":"Fabricantes de Bolsas y Embalajes de Pl\u00e1stico","potentialAction":[{"@type":"SearchAction","target":{"@type":"EntryPoint","urlTemplate":"https:\/\/bolsascastresana-fabricantedeplasticos.com\/?s={search_term_string}"},"query-input":{"@type":"PropertyValueSpecification","valueRequired":true,"valueName":"search_term_string"}}],"inLanguage":"es"}]}},"_links":{"self":[{"href":"https:\/\/bolsascastresana-fabricantedeplasticos.com\/index.php\/wp-json\/wp\/v2\/pages\/12245","targetHints":{"allow":["GET"]}}],"collection":[{"href":"https:\/\/bolsascastresana-fabricantedeplasticos.com\/index.php\/wp-json\/wp\/v2\/pages"}],"about":[{"href":"https:\/\/bolsascastresana-fabricantedeplasticos.com\/index.php\/wp-json\/wp\/v2\/types\/page"}],"author":[{"embeddable":true,"href":"https:\/\/bolsascastresana-fabricantedeplasticos.com\/index.php\/wp-json\/wp\/v2\/users\/1"}],"replies":[{"embeddable":true,"href":"https:\/\/bolsascastresana-fabricantedeplasticos.com\/index.php\/wp-json\/wp\/v2\/comments?post=12245"}],"version-history":[{"count":4,"href":"https:\/\/bolsascastresana-fabricantedeplasticos.com\/index.php\/wp-json\/wp\/v2\/pages\/12245\/revisions"}],"predecessor-version":[{"id":12261,"href":"https:\/\/bolsascastresana-fabricantedeplasticos.com\/index.php\/wp-json\/wp\/v2\/pages\/12245\/revisions\/12261"}],"wp:attachment":[{"href":"https:\/\/bolsascastresana-fabricantedeplasticos.com\/index.php\/wp-json\/wp\/v2\/media?parent=12245"}],"curies":[{"name":"wp","href":"https:\/\/api.w.org\/{rel}","templated":true}]}}