{"id":12246,"date":"2021-03-11T12:02:36","date_gmt":"2021-03-11T11:02:36","guid":{"rendered":"https:\/\/bolsascastresana-fabricantedeplasticos.com\/?page_id=12246"},"modified":"2021-03-11T12:38:49","modified_gmt":"2021-03-11T11:38:49","slug":"politica-de-privacidad-adicional","status":"publish","type":"page","link":"https:\/\/bolsascastresana-fabricantedeplasticos.com\/index.php\/politica-de-privacidad-adicional\/","title":{"rendered":"Pol\u00edtica de privacidad adicional"},"content":{"rendered":"<h4 style=\"text-align: center;\">Pol\u00edtica de privacidad ampliada<\/h4>\n<p style=\"text-align: justify;\"><span style=\"color: #e10707;\"><strong>Informaci\u00f3n adicional sobre protecci\u00f3n de datos:<\/strong><\/span><\/p>\n<p style=\"text-align: justify;\">De conformidad con lo establecido en los arts. 13 y 14 del REGLAMENTO (UE) 2016\/679 DEL PARLAMENTO EUROPEO Y DEL CONSEJO de 27 de abril de 2016, relativo a la protecci\u00f3n de las personas f\u00edsicas en lo que respecta al tratamiento de datos personales y a la libre circulaci\u00f3n de estos datos (en adelante, \u201cRGPD\u201d), y los art\u00edculos 6 y 11 de la Ley Org\u00e1nica 3\/2018, de 5 de diciembre, de Protecci\u00f3n de Datos de Car\u00e1cter Personal y garant\u00eda de los derechos digitales (en adelante, \u201cLOPDGDD\u201d), por el que se regula el derecho de informaci\u00f3n en la recogida de datos, te informamos de los siguientes extremos.<\/p>\n<p style=\"text-align: justify;\"><span style=\"color: #e10707;\"><strong>\u00bfQui\u00e9n es el responsable del tratamiento de sus datos personales?<\/strong><\/span><\/p>\n<p style=\"text-align: justify;\">Los datos de car\u00e1cter personal que nos su ministren los usuarios web a trav\u00e9s del formulario contacto ser\u00e1n objeto de tratamiento bajo la responsabilidad de: <strong>BOLSAS CASTRESANA SL<\/strong>, con CIF: B95511598 con domicilio social en: Torroto Bidea n\u00ba 3, Poligono Belako, Mungia, 48100, BIZKAIA.<\/p>\n<p style=\"text-align: justify;\"><span style=\"color: #e10707;\"><strong>\u00bfQu\u00e9 datos personales recopilamos?<\/strong><\/span><\/p>\n<p style=\"text-align: justify;\">En este portal web solo se recogen datos de car\u00e1cter identificativo cuando el usuario hace uso del formulario CONTACTO.<\/p>\n<p style=\"text-align: justify;\">Los datos personales que el usuario puede llegar a proporcionarnos a trav\u00e9s del formulario web son:<\/p>\n<ul style=\"text-align: justify;\">\n<li>Nombre y apellidos.<\/li>\n<li>N\u00famero de tel\u00e9fono y direcci\u00f3n de correo electr\u00f3nico.<\/li>\n<\/ul>\n<p style=\"text-align: justify;\">Tambi\u00e9n se podr\u00eda recoger datos de car\u00e1cter t\u00e9cnico como su direcci\u00f3n IP, o de ubicaci\u00f3n al ejecutarse las cookies propias y de terceros utilizadas en este portal. Para conocer mejor las cookies que utiliza este portar visite nuestra Pol\u00edticas de cookies.<\/p>\n<p style=\"text-align: justify;\"><span style=\"color: #e10707;\"><strong>\u00bfCon qu\u00e9 finalidad tratamos sus datos?<\/strong><\/span><\/p>\n<p style=\"text-align: justify;\"><strong>BOLSAS CASTRESANA SL<\/strong>, trata los datos personales facilitados por los usuarios y clientes web para las siguientes finalidades:<\/p>\n<ul style=\"text-align: justify;\">\n<li>Prestarles el servicio solicitado<\/li>\n<li>Responder a las consultas realizadas a trav\u00e9s de formulario de contacto web, email y foro de la web.<\/li>\n<li>Facturar<\/li>\n<li>Enviar publicidad postal o por correo electr\u00f3nico<\/li>\n<li>Servicio postventa y fidelizaci\u00f3n<\/li>\n<\/ul>\n<p style=\"text-align: justify;\"><span style=\"color: #e10707;\"><strong>\u00bfCu\u00e1l es la legitimaci\u00f3n para el tratamiento de sus datos?<\/strong><\/span><\/p>\n<ul style=\"text-align: justify;\">\n<li><strong><u>Su consentimiento<\/u>:<\/strong> Consentimiento del interesado para la contrataci\u00f3n de servicios y productos, para los formularios de contacto, las solicitudes de informaci\u00f3n o alta en e-newsletter.<\/li>\n<li><u><strong>Ejecuci\u00f3n de contrato:<\/strong> <\/u>En aquellos casos en los que el usuario haya contrato o adquirido alguno de los productos y servicios ofertados por el responsable del tratamiento.<\/li>\n<li><strong><u>Inter\u00e9s leg\u00edtimo del responsable: <\/u><\/strong>Inter\u00e9s leg\u00edtimo para el tratamiento de datos de nuestros clientes en acciones de marketing directo y consentimiento expreso del interesado para todo lo relativo a las valoraciones autom\u00e1ticas y elaboraci\u00f3n de perfiles.<\/li>\n<li><u><strong>Cumplimiento de obligaciones legales:<\/strong> <\/u>Para prevenci\u00f3n del fraude, comunicaci\u00f3n con Autoridades p\u00fablicas y reclamaciones de terceros<\/li>\n<\/ul>\n<p style=\"text-align: justify;\"><span style=\"color: #e10707;\"><strong>\u00bfCu\u00e1nto tiempo conservamos los datos?<\/strong><\/span><\/p>\n<p style=\"text-align: justify;\">Los datos personales que nos proporcione como usuario se conservar\u00e1n mientras no nos solicite su supresi\u00f3n. Y en su caso, durante el plazo previsto por la legislaci\u00f3n fiscal respecto a la prescripci\u00f3n de responsabilidades.<\/p>\n<p style=\"text-align: justify;\"><span style=\"color: #e10707;\"><strong>\u00bfA qu\u00e9 destinatarios se comunican sus datos?<\/strong><\/span><\/p>\n<p style=\"text-align: justify;\">No se prev\u00e9n comunicaciones a terceras personas de los datos personas de los usuarios web.<\/p>\n<p style=\"text-align: justify;\">En aquellos casos en que sea necesario comunicar sus datos personales para la prestaci\u00f3n del servicio contrato los proveedores de servicios externos (por ejemplo, proveedores de pago o empresas de reparto) con el responsable del tratamiento solo podr\u00e1n usar los datos para proporcionar los servicios correspondientes. En ning\u00fan caso estar\u00e1n autorizados para utilizar dicha informaci\u00f3n para fines propios o para cesi\u00f3n a terceros.<\/p>\n<p style=\"text-align: justify;\">Nunca se vender\u00e1n los datos a terceros.<\/p>\n<p style=\"text-align: justify;\">Tampoco est\u00e1n previstas realizar transferencias internacionales de sus datos.<\/p>\n<p style=\"text-align: justify;\"><span style=\"color: #e10707;\"><strong>\u00bfD\u00f3nde se almacenan sus datos?<\/strong><\/span><\/p>\n<p style=\"text-align: justify;\">Con car\u00e1cter general, los datos se almacenan dentro de la UE. Los datos que se env\u00eden a terceros que no pertenezcan a la UE, nos aseguraremos que ofrezcan un nivel de protecci\u00f3n suficiente de acuerdo a la normativa vigente en protecci\u00f3n de datos.<\/p>\n<p style=\"text-align: justify;\">El servidor f\u00edsico que almacena los datos personales recogidos a trav\u00e9s de la p\u00e1gina web <strong><a href=\"https:\/\/bolsascastresana-fabricantedeplasticos.com\">bolsascastresana-fabricantedeplasticos.com<\/a><\/strong>\u00a0est\u00e1n situado en Uni\u00f3n Europea.<\/p>\n<p style=\"text-align: justify;\"><span style=\"color: #e10707;\"><strong>\u00bfQu\u00e9 derechos le asisten y c\u00f3mo puede ejercerlos?<\/strong><\/span><\/p>\n<p style=\"text-align: justify;\">Usted puede dirigir sus comunicaciones y ejercitar sus derechos mediante una petici\u00f3n al siguiente correo electr\u00f3nico: <a href=\"mailto:bolsascastresana@bolsascastresana.es\"><strong>bolsascastresana@bolsascastresana.es<\/strong><\/a> para atender su solicitud deber\u00e1 adjuntar copia de su documento de identidad y especificar en su solicitud el derecho que ejerce.<\/p>\n<p style=\"text-align: justify;\">En virtud de lo que establece el RGPD puede solicitar:<\/p>\n<ul style=\"text-align: justify;\">\n<li><strong><u>Derecho de acceso<\/u>:<\/strong> puede pedir informaci\u00f3n de aquellos datos personales que dispongamos acerca de usted.<\/li>\n<li><strong><u>Derecho de rectificaci\u00f3n<\/u>:<\/strong> puede comunicar cualquier cambio en sus datos personales.<\/li>\n<li><strong><u>Derecho de supresi\u00f3n y al olvido<\/u>:<\/strong> puede solicitar la eliminaci\u00f3n previo bloqueo de los datos personales.<\/li>\n<li><strong><u>Derecho de limitaci\u00f3n al tratamiento<\/u>:<\/strong> supone la restricci\u00f3n del tratamiento de los datos personales.<\/li>\n<li><strong><u>Derecho de oposici\u00f3n<\/u>:<\/strong> puede retirar el consentimiento del tratamiento de los datos, oponi\u00e9ndose a que se sigan tratando.<\/li>\n<\/ul>\n<p style=\"text-align: justify;\">En algunos casos, se podr\u00e1 rechazar la solicitud si solicita que se eliminen datos necesarios para el cumplimiento de obligaciones legales. Asimismo, y especialmente si considera que no ha obtenido satisfacci\u00f3n plena en el ejercicio de sus derechos, podr\u00e1 presentar una reclamaci\u00f3n ante la autoridad nacional de control dirigi\u00e9ndose a estos efectos a la Agencia Espa\u00f1ola de Protecci\u00f3n de Datos, C\/ Jorge Juan, 6 \u2013 28001 Madrid. O ante la autoridad auton\u00f3mica competente.<\/p>\n<p style=\"text-align: justify;\"><span style=\"color: #e10707;\"><strong>\u00bfQui\u00e9n es el responsable de la exactitud y veracidad de los datos facilitados?<\/strong><\/span><\/p>\n<p style=\"text-align: justify;\">Usted como usuario de la web <strong><a href=\"https:\/\/bolsascastresana-fabricantedeplasticos.com\">bolsascastresana-fabricantedeplasticos.com<\/a><\/strong>\u00a0es el \u00fanico responsable de la veracidad y correcci\u00f3n de los datos proporcionados, exoner\u00e1ndose al responsable de tratamiento de cualquier responsabilidad al respecto.<\/p>\n<p style=\"text-align: justify;\">Los usuarios garantizan y responden, en cualquier caso, de la exactitud, vigencia y autenticidad de los datos personales facilitados, y se comprometen a mantenerlos debidamente actualizados. El usuario acepta proporcionar informaci\u00f3n completa y correcta en el formulario de registro o suscripci\u00f3n.<\/p>\n<p style=\"text-align: justify;\"><strong>BOLSAS CASTRESANA SL<\/strong> no responde de la veracidad de las informaciones que no sean de elaboraci\u00f3n propia y de las que se indique otra fuente, por lo que tampoco asume responsabilidad alguna en cuanto a hipot\u00e9ticos perjuicios que pudieran originarse por el uso de dicha informaci\u00f3n.<\/p>\n<p style=\"text-align: justify;\"><strong>BOLSAS CASTRESANA SL<\/strong> se reserva el derecho a actualizar, modificar o eliminar la informaci\u00f3n contenida en sus p\u00e1ginas webs pudiendo incluso limitar o no permitir el acceso a dicha informaci\u00f3n.<\/p>\n<p style=\"text-align: justify;\">Se exonera a <strong>BOLSAS CASTRESANA SL<\/strong> de responsabilidad ante cualquier da\u00f1o o perjuicio que pudiera sufrir el usuario como consecuencia de errores, defectos u omisiones, en la informaci\u00f3n facilitada a <strong>BOLSAS CASTRESANA SL<\/strong>, siempre que \u00e9sta proceda de fuentes ajenas a <strong>BOLSAS CASTRESANA SL<\/strong>.<\/p>\n<p style=\"text-align: justify;\"><span style=\"color: #e10707;\"><strong>\u00bfC\u00f3mo tratamos los datos personales de los menores de edad?<\/strong><\/span><\/p>\n<p style=\"text-align: justify;\">En principio nuestros servicios no van dirigidos espec\u00edficamente a menos de edad.<\/p>\n<p style=\"text-align: justify;\">Sin embargo, en el supuesto de que alguno de ellos se dirija a menores de catorce a\u00f1os, de conformidad con el art\u00edculo 8 del RGPD y el art\u00edculo 7 de la LO3\/2018, de 5 de diciembre (LOPDGDD), <strong>BOLSAS CASTRESANA SL<\/strong> exigir\u00e1 el consentimiento v\u00e1lido, libre, inequ\u00edvoco, espec\u00edfico e informado de sus tutores legales para tratar los datos personales de los menores. En este caso, se exigir\u00e1 el DNI u otra forma de identificaci\u00f3n de quien preste el consentimiento.<\/p>\n<p style=\"text-align: justify;\">En el caso de mayores de catorce a\u00f1os podr\u00e1 procederse al tratamiento de los datos con el consentimiento del usuario, exceptuando aquellos casos en los que la Ley exija la asistencia de los titulares de la patria potestad o tutela.<\/p>\n<p style=\"text-align: justify;\"><span style=\"color: #e10707;\"><strong>\u00bfQu\u00e9 medidas de seguridad aplicamos para proteger tus datos personales?<\/strong><\/span><\/p>\n<p style=\"text-align: justify;\">En <strong>BOLSAS CASTRESANA SL<\/strong> \u00a0hemos adoptado los niveles de seguridad de protecci\u00f3n de los datos personales adecuados al tratamiento que realizamos, y procuramos instalar aquellos medios o medidas t\u00e9cnicas adicionales a nuestro alcance para evitar la p\u00e9rdida, mal uso, alteraci\u00f3n, acceso no autorizado y robo de los datos personales facilitados por los usuarios y clientes.<\/p>\n<p style=\"text-align: justify;\"><strong>BOLSAS CASTRESANA SL<\/strong> no es responsable de hipot\u00e9ticos da\u00f1os o perjuicios que se pudieran derivar de interferencias, omisiones, interrupciones, virus inform\u00e1ticos, aver\u00edas telef\u00f3nicas o desconexiones en el funcionamiento operativo de este sistema electr\u00f3nico, motivadas por causas ajenas a <strong>BOLSAS CASTRESANA SL<\/strong>; de retrasos o bloqueos en el uso del presente sistema electr\u00f3nico causados por deficiencias o sobrecargas de l\u00edneas telef\u00f3nicas o sobrecargas en el Centro de Procesos de Datos, en el sistema de Internet o en otros sistemas electr\u00f3nicos, as\u00ed como de da\u00f1os que puedan ser causados por terceras personas mediante intromisiones ileg\u00edtimas fuera del control de <strong>BOLSAS CASTRESANA SL<\/strong><\/p>\n<p style=\"text-align: justify;\">Todo ello, no obstante, el usuario debe ser consciente de que las medidas de seguridad en Internet no son inexpugnables.<\/p>\n<p style=\"text-align: justify;\"><span style=\"color: #e10707;\"><strong>\u00bfC\u00f3mo utilizamos las cookies?<\/strong><\/span><\/p>\n<p style=\"text-align: justify;\">El sitio web y las RRSS de <strong>BOLSAS CASTRESANA SL<\/strong> \u00a0utilizan cookies, a los efectos de optimizar y personalizar su navegaci\u00f3n por el mismo. Las cookies son ficheros f\u00edsicos de informaci\u00f3n que se alojan en el propio terminal del usuario, la informaci\u00f3n recogida mediante las cookies sirve para facilitar la navegaci\u00f3n del usuario por el portal y optimizar la experiencia de navegaci\u00f3n.<\/p>\n<p style=\"text-align: justify;\">Los datos recopilados mediante las cookies pueden ser compartidos con los creadores de las mismas, pero en ning\u00fan caso la informaci\u00f3n obtenida por las mismas ser\u00e1 asociada a datos personales ni a datos que puedan identificar al usuario.<\/p>\n<p style=\"text-align: justify;\">Sin embargo, si el usuario no desea que se instalen cookies en su disco duro, tiene la posibilidad de configurar el navegador de tal modo que impida la instalaci\u00f3n de estos archivos. Para obtener m\u00e1s informaci\u00f3n consulte nuestra\u00a0<a href=\"https:\/\/bolsascastresana-fabricantedeplasticos.com\/index.php\/politica-de-cookies\/\"><strong>Pol\u00edtica de Cookies<\/strong><\/a><\/p>\n<p style=\"text-align: justify;\"><span style=\"color: #e10707;\"><strong>\u00bfPuede modificarse la pol\u00edtica de privacidad?<\/strong><\/span><\/p>\n<p style=\"text-align: justify;\">Esta pol\u00edtica de privacidad puede modificarse. Te recomendamos que revises la pol\u00edtica de privacidad con cierta periodicidad.<\/p>\n","protected":false},"excerpt":{"rendered":"<p>Pol\u00edtica de privacidad ampliada Informaci\u00f3n adicional sobre protecci\u00f3n de datos: De conformidad con lo establecido en los arts. 13 y 14 del REGLAMENTO (UE) 2016\/679 DEL PARLAMENTO EUROPEO Y DEL CONSEJO de 27 de abril de 2016, relativo a la protecci\u00f3n de las personas f\u00edsicas en lo que respecta al tratamiento de datos personales y  [&#8230;]<\/p>\n","protected":false},"author":1,"featured_media":0,"parent":0,"menu_order":0,"comment_status":"closed","ping_status":"closed","template":"100-width.php","meta":{"footnotes":""},"class_list":["post-12246","page","type-page","status-publish","hentry"],"yoast_head":"<!-- This site is optimized with the Yoast SEO plugin v24.1 - https:\/\/yoast.com\/wordpress\/plugins\/seo\/ -->\n<title>Pol\u00edtica de privacidad adicional - Bolsas Castresana<\/title>\n<meta name=\"robots\" content=\"index, follow, max-snippet:-1, max-image-preview:large, max-video-preview:-1\" \/>\n<link rel=\"canonical\" href=\"https:\/\/bolsascastresana-fabricantedeplasticos.com\/index.php\/politica-de-privacidad-adicional\/\" \/>\n<meta property=\"og:locale\" content=\"es_ES\" \/>\n<meta property=\"og:type\" content=\"article\" \/>\n<meta property=\"og:title\" content=\"Pol\u00edtica de privacidad adicional - Bolsas Castresana\" \/>\n<meta property=\"og:description\" content=\"Pol\u00edtica de privacidad ampliada Informaci\u00f3n adicional sobre protecci\u00f3n de datos: De conformidad con lo establecido en los arts. 13 y 14 del REGLAMENTO (UE) 2016\/679 DEL PARLAMENTO EUROPEO Y DEL CONSEJO de 27 de abril de 2016, relativo a la protecci\u00f3n de las personas f\u00edsicas en lo que respecta al tratamiento de datos personales y [...]\" \/>\n<meta property=\"og:url\" content=\"https:\/\/bolsascastresana-fabricantedeplasticos.com\/index.php\/politica-de-privacidad-adicional\/\" \/>\n<meta property=\"og:site_name\" content=\"Bolsas Castresana\" \/>\n<meta property=\"article:modified_time\" content=\"2021-03-11T11:38:49+00:00\" \/>\n<meta name=\"twitter:card\" content=\"summary_large_image\" \/>\n<meta name=\"twitter:label1\" content=\"Tiempo de lectura\" \/>\n\t<meta name=\"twitter:data1\" content=\"7 minutos\" \/>\n<script type=\"application\/ld+json\" class=\"yoast-schema-graph\">{\"@context\":\"https:\/\/schema.org\",\"@graph\":[{\"@type\":\"WebPage\",\"@id\":\"https:\/\/bolsascastresana-fabricantedeplasticos.com\/index.php\/politica-de-privacidad-adicional\/\",\"url\":\"https:\/\/bolsascastresana-fabricantedeplasticos.com\/index.php\/politica-de-privacidad-adicional\/\",\"name\":\"Pol\u00edtica de privacidad adicional - Bolsas Castresana\",\"isPartOf\":{\"@id\":\"https:\/\/bolsascastresana-fabricantedeplasticos.com\/#website\"},\"datePublished\":\"2021-03-11T11:02:36+00:00\",\"dateModified\":\"2021-03-11T11:38:49+00:00\",\"breadcrumb\":{\"@id\":\"https:\/\/bolsascastresana-fabricantedeplasticos.com\/index.php\/politica-de-privacidad-adicional\/#breadcrumb\"},\"inLanguage\":\"es\",\"potentialAction\":[{\"@type\":\"ReadAction\",\"target\":[\"https:\/\/bolsascastresana-fabricantedeplasticos.com\/index.php\/politica-de-privacidad-adicional\/\"]}]},{\"@type\":\"BreadcrumbList\",\"@id\":\"https:\/\/bolsascastresana-fabricantedeplasticos.com\/index.php\/politica-de-privacidad-adicional\/#breadcrumb\",\"itemListElement\":[{\"@type\":\"ListItem\",\"position\":1,\"name\":\"Portada\",\"item\":\"https:\/\/bolsascastresana-fabricantedeplasticos.com\/\"},{\"@type\":\"ListItem\",\"position\":2,\"name\":\"Pol\u00edtica de privacidad adicional\"}]},{\"@type\":\"WebSite\",\"@id\":\"https:\/\/bolsascastresana-fabricantedeplasticos.com\/#website\",\"url\":\"https:\/\/bolsascastresana-fabricantedeplasticos.com\/\",\"name\":\"Bolsas Castresana\",\"description\":\"Fabricantes de Bolsas y Embalajes de Pl\u00e1stico\",\"potentialAction\":[{\"@type\":\"SearchAction\",\"target\":{\"@type\":\"EntryPoint\",\"urlTemplate\":\"https:\/\/bolsascastresana-fabricantedeplasticos.com\/?s={search_term_string}\"},\"query-input\":{\"@type\":\"PropertyValueSpecification\",\"valueRequired\":true,\"valueName\":\"search_term_string\"}}],\"inLanguage\":\"es\"}]}<\/script>\n<!-- \/ Yoast SEO plugin. -->","yoast_head_json":{"title":"Pol\u00edtica de privacidad adicional - Bolsas Castresana","robots":{"index":"index","follow":"follow","max-snippet":"max-snippet:-1","max-image-preview":"max-image-preview:large","max-video-preview":"max-video-preview:-1"},"canonical":"https:\/\/bolsascastresana-fabricantedeplasticos.com\/index.php\/politica-de-privacidad-adicional\/","og_locale":"es_ES","og_type":"article","og_title":"Pol\u00edtica de privacidad adicional - Bolsas Castresana","og_description":"Pol\u00edtica de privacidad ampliada Informaci\u00f3n adicional sobre protecci\u00f3n de datos: De conformidad con lo establecido en los arts. 13 y 14 del REGLAMENTO (UE) 2016\/679 DEL PARLAMENTO EUROPEO Y DEL CONSEJO de 27 de abril de 2016, relativo a la protecci\u00f3n de las personas f\u00edsicas en lo que respecta al tratamiento de datos personales y [...]","og_url":"https:\/\/bolsascastresana-fabricantedeplasticos.com\/index.php\/politica-de-privacidad-adicional\/","og_site_name":"Bolsas Castresana","article_modified_time":"2021-03-11T11:38:49+00:00","twitter_card":"summary_large_image","twitter_misc":{"Tiempo de lectura":"7 minutos"},"schema":{"@context":"https:\/\/schema.org","@graph":[{"@type":"WebPage","@id":"https:\/\/bolsascastresana-fabricantedeplasticos.com\/index.php\/politica-de-privacidad-adicional\/","url":"https:\/\/bolsascastresana-fabricantedeplasticos.com\/index.php\/politica-de-privacidad-adicional\/","name":"Pol\u00edtica de privacidad adicional - Bolsas Castresana","isPartOf":{"@id":"https:\/\/bolsascastresana-fabricantedeplasticos.com\/#website"},"datePublished":"2021-03-11T11:02:36+00:00","dateModified":"2021-03-11T11:38:49+00:00","breadcrumb":{"@id":"https:\/\/bolsascastresana-fabricantedeplasticos.com\/index.php\/politica-de-privacidad-adicional\/#breadcrumb"},"inLanguage":"es","potentialAction":[{"@type":"ReadAction","target":["https:\/\/bolsascastresana-fabricantedeplasticos.com\/index.php\/politica-de-privacidad-adicional\/"]}]},{"@type":"BreadcrumbList","@id":"https:\/\/bolsascastresana-fabricantedeplasticos.com\/index.php\/politica-de-privacidad-adicional\/#breadcrumb","itemListElement":[{"@type":"ListItem","position":1,"name":"Portada","item":"https:\/\/bolsascastresana-fabricantedeplasticos.com\/"},{"@type":"ListItem","position":2,"name":"Pol\u00edtica de privacidad adicional"}]},{"@type":"WebSite","@id":"https:\/\/bolsascastresana-fabricantedeplasticos.com\/#website","url":"https:\/\/bolsascastresana-fabricantedeplasticos.com\/","name":"Bolsas Castresana","description":"Fabricantes de Bolsas y Embalajes de Pl\u00e1stico","potentialAction":[{"@type":"SearchAction","target":{"@type":"EntryPoint","urlTemplate":"https:\/\/bolsascastresana-fabricantedeplasticos.com\/?s={search_term_string}"},"query-input":{"@type":"PropertyValueSpecification","valueRequired":true,"valueName":"search_term_string"}}],"inLanguage":"es"}]}},"_links":{"self":[{"href":"https:\/\/bolsascastresana-fabricantedeplasticos.com\/index.php\/wp-json\/wp\/v2\/pages\/12246","targetHints":{"allow":["GET"]}}],"collection":[{"href":"https:\/\/bolsascastresana-fabricantedeplasticos.com\/index.php\/wp-json\/wp\/v2\/pages"}],"about":[{"href":"https:\/\/bolsascastresana-fabricantedeplasticos.com\/index.php\/wp-json\/wp\/v2\/types\/page"}],"author":[{"embeddable":true,"href":"https:\/\/bolsascastresana-fabricantedeplasticos.com\/index.php\/wp-json\/wp\/v2\/users\/1"}],"replies":[{"embeddable":true,"href":"https:\/\/bolsascastresana-fabricantedeplasticos.com\/index.php\/wp-json\/wp\/v2\/comments?post=12246"}],"version-history":[{"count":2,"href":"https:\/\/bolsascastresana-fabricantedeplasticos.com\/index.php\/wp-json\/wp\/v2\/pages\/12246\/revisions"}],"predecessor-version":[{"id":12259,"href":"https:\/\/bolsascastresana-fabricantedeplasticos.com\/index.php\/wp-json\/wp\/v2\/pages\/12246\/revisions\/12259"}],"wp:attachment":[{"href":"https:\/\/bolsascastresana-fabricantedeplasticos.com\/index.php\/wp-json\/wp\/v2\/media?parent=12246"}],"curies":[{"name":"wp","href":"https:\/\/api.w.org\/{rel}","templated":true}]}}