{"id":12469,"date":"2018-06-05T12:51:41","date_gmt":"2018-06-05T11:51:41","guid":{"rendered":"https:\/\/bolsascastresana-fabricantedeplasticos.com\/index.php\/anticorrosif-vci\/"},"modified":"2024-12-20T12:05:12","modified_gmt":"2024-12-20T11:05:12","slug":"anticorrosif-vci","status":"publish","type":"page","link":"https:\/\/bolsascastresana-fabricantedeplasticos.com\/index.php\/anticorrosif-vci\/?lang=fr","title":{"rendered":"Anticorrosif Vci"},"content":{"rendered":"<p><div class=\"fusion-fullwidth fullwidth-box fusion-builder-row-1 nonhundred-percent-fullwidth non-hundred-percent-height-scrolling\" style=\"--awb-background-position:left top;--awb-border-sizes-top:0px;--awb-border-sizes-bottom:0px;--awb-border-sizes-left:0px;--awb-border-sizes-right:0px;--awb-border-radius-top-left:0px;--awb-border-radius-top-right:0px;--awb-border-radius-bottom-right:0px;--awb-border-radius-bottom-left:0px;--awb-padding-top:70px;--awb-padding-bottom:20px;--awb-background-color:#ffffff;--awb-flex-wrap:wrap;\" ><div class=\"fusion-builder-row fusion-row\"><div class=\"fusion-layout-column fusion_builder_column fusion-builder-column-0 fusion_builder_column_1_1 1_1 fusion-one-full fusion-column-first fusion-column-last\" style=\"--awb-padding-right:5%;--awb-padding-left:10px;--awb-bg-size:cover;\"><div class=\"fusion-column-wrapper fusion-flex-column-wrapper-legacy\"><div class=\"fusion-text fusion-text-1\"><h2 style=\"text-align: center; font-weight: 100; font-size: 36px;\"><span style=\"color: #ff0000;\">ANTICORROSIF VCI<\/span><br \/><span style=\"text-align: center; font-size: 18px;\">Fabrication et Distribution<\/span><\/h2>\n<p style=\"text-align: center;\"> Recommand\u00e9 et indiqu\u00e9 pour l&#8217;emballage et la protection des \u00e9quipements et des pi\u00e8ces m\u00e9talliques pendant les processus de stockage ou de transport.<\/p>\n<\/div><div class=\"fusion-clearfix\"><\/div><\/div><\/div><div class=\"fusion-layout-column fusion_builder_column fusion-builder-column-1 fusion_builder_column_1_4 1_4 fusion-one-fourth fusion-column-first\" style=\"--awb-bg-size:cover;\"><div class=\"fusion-column-wrapper fusion-flex-column-wrapper-legacy\"><div class=\"fusion-image-element in-legacy-container\" style=\"--awb-caption-title-font-family:var(--h2_typography-font-family);--awb-caption-title-font-weight:var(--h2_typography-font-weight);--awb-caption-title-font-style:var(--h2_typography-font-style);--awb-caption-title-size:var(--h2_typography-font-size);--awb-caption-title-transform:var(--h2_typography-text-transform);--awb-caption-title-line-height:var(--h2_typography-line-height);--awb-caption-title-letter-spacing:var(--h2_typography-letter-spacing);\"><span class=\" fusion-imageframe imageframe-glow imageframe-1 hover-type-zoomin\" style=\"-webkit-box-shadow: 0 0 3px rgba(0,0,0,0.3);box-shadow: 0 0 3px rgba(0,0,0,0.3);\"><img loading=\"lazy\" decoding=\"async\" width=\"2550\" height=\"1913\" alt=\"Anticorrosif Vci\" title=\"DSC02562 &#8211; copia\" src=\"https:\/\/bolsascastresana-fabricantedeplasticos.com\/wp-content\/uploads\/2016\/06\/DSC02562-copia-e1528128053378.jpg\" class=\"img-responsive wp-image-11984\"\/><\/span><\/div><div class=\"fusion-clearfix\"><\/div><\/div><\/div><div class=\"fusion-layout-column fusion_builder_column fusion-builder-column-2 fusion_builder_column_1_4 1_4 fusion-one-fourth\" style=\"--awb-bg-size:cover;\"><div class=\"fusion-column-wrapper fusion-flex-column-wrapper-legacy\"><div class=\"fusion-image-element in-legacy-container\" style=\"--awb-caption-title-font-family:var(--h2_typography-font-family);--awb-caption-title-font-weight:var(--h2_typography-font-weight);--awb-caption-title-font-style:var(--h2_typography-font-style);--awb-caption-title-size:var(--h2_typography-font-size);--awb-caption-title-transform:var(--h2_typography-text-transform);--awb-caption-title-line-height:var(--h2_typography-line-height);--awb-caption-title-letter-spacing:var(--h2_typography-letter-spacing);\"><span class=\" fusion-imageframe imageframe-glow imageframe-2 hover-type-zoomin\" style=\"-webkit-box-shadow: 0 0 3px rgba(0,0,0,0.3);box-shadow: 0 0 3px rgba(0,0,0,0.3);\"><img loading=\"lazy\" decoding=\"async\" width=\"2048\" height=\"1523\" alt=\"Anticorrosif Vci\" title=\"vci 2\" src=\"https:\/\/bolsascastresana-fabricantedeplasticos.com\/wp-content\/uploads\/2016\/06\/vci-2-e1528128447923.jpg\" class=\"img-responsive wp-image-12030\"\/><\/span><\/div><div class=\"fusion-clearfix\"><\/div><\/div><\/div><div class=\"fusion-layout-column fusion_builder_column fusion-builder-column-3 fusion_builder_column_1_4 1_4 fusion-one-fourth\" style=\"--awb-bg-size:cover;\"><div class=\"fusion-column-wrapper fusion-flex-column-wrapper-legacy\"><div class=\"fusion-image-element in-legacy-container\" style=\"--awb-caption-title-font-family:var(--h2_typography-font-family);--awb-caption-title-font-weight:var(--h2_typography-font-weight);--awb-caption-title-font-style:var(--h2_typography-font-style);--awb-caption-title-size:var(--h2_typography-font-size);--awb-caption-title-transform:var(--h2_typography-text-transform);--awb-caption-title-line-height:var(--h2_typography-line-height);--awb-caption-title-letter-spacing:var(--h2_typography-letter-spacing);\"><span class=\" fusion-imageframe imageframe-glow imageframe-3 hover-type-zoomin\" style=\"-webkit-box-shadow: 0 0 3px rgba(0,0,0,0.3);box-shadow: 0 0 3px rgba(0,0,0,0.3);\"><img loading=\"lazy\" decoding=\"async\" width=\"1024\" height=\"760\" alt=\"Anticorrosif Vci\" title=\"Bolsa Vci\" src=\"https:\/\/bolsascastresana-fabricantedeplasticos.com\/wp-content\/uploads\/2018\/06\/MUESTRA-e1528293852847-1024x760.jpg\" class=\"img-responsive wp-image-12080\" srcset=\"https:\/\/bolsascastresana-fabricantedeplasticos.com\/wp-content\/uploads\/2018\/06\/MUESTRA-e1528293852847-300x223.jpg 300w, https:\/\/bolsascastresana-fabricantedeplasticos.com\/wp-content\/uploads\/2018\/06\/MUESTRA-e1528293852847-768x570.jpg 768w, https:\/\/bolsascastresana-fabricantedeplasticos.com\/wp-content\/uploads\/2018\/06\/MUESTRA-e1528293852847-1024x760.jpg 1024w\" sizes=\"auto, (max-width: 1024px) 100vw, 1024px\" \/><\/span><\/div><div class=\"fusion-clearfix\"><\/div><\/div><\/div><div class=\"fusion-layout-column fusion_builder_column fusion-builder-column-4 fusion_builder_column_1_4 1_4 fusion-one-fourth fusion-column-last\" style=\"--awb-bg-size:cover;\"><div class=\"fusion-column-wrapper fusion-flex-column-wrapper-legacy\"><div class=\"fusion-image-element in-legacy-container\" style=\"--awb-caption-title-font-family:var(--h2_typography-font-family);--awb-caption-title-font-weight:var(--h2_typography-font-weight);--awb-caption-title-font-style:var(--h2_typography-font-style);--awb-caption-title-size:var(--h2_typography-font-size);--awb-caption-title-transform:var(--h2_typography-text-transform);--awb-caption-title-line-height:var(--h2_typography-line-height);--awb-caption-title-letter-spacing:var(--h2_typography-letter-spacing);\"><span class=\" fusion-imageframe imageframe-glow imageframe-4 hover-type-zoomin\" style=\"-webkit-box-shadow: 0 0 3px rgba(0,0,0,0.3);box-shadow: 0 0 3px rgba(0,0,0,0.3);\"><img decoding=\"async\" alt=\"Anticorrosif Vci\" src=\"https:\/\/bolsascastresana-fabricantedeplasticos.com\/wp-content\/uploads\/2018\/06\/vci-1-e1528713690858.jpg\" class=\"img-responsive\"\/><\/span><\/div><div class=\"fusion-clearfix\"><\/div><\/div><\/div><\/div><\/div><div class=\"fusion-fullwidth fullwidth-box fusion-builder-row-2 nonhundred-percent-fullwidth non-hundred-percent-height-scrolling\" style=\"--awb-background-position:left top;--awb-border-sizes-top:0px;--awb-border-sizes-bottom:0px;--awb-border-sizes-left:0px;--awb-border-sizes-right:0px;--awb-border-radius-top-left:0px;--awb-border-radius-top-right:0px;--awb-border-radius-bottom-right:0px;--awb-border-radius-bottom-left:0px;--awb-padding-top:50px;--awb-padding-bottom:20px;--awb-background-color:#282828;--awb-flex-wrap:wrap;\" ><div class=\"fusion-builder-row fusion-row\"><div class=\"fusion-layout-column fusion_builder_column fusion-builder-column-5 fusion_builder_column_1_1 1_1 fusion-one-full fusion-column-first fusion-column-last fusion-animated\" style=\"--awb-padding-right:10px;--awb-padding-left:5%;--awb-bg-size:cover;\" data-animationType=\"slideInDown\" data-animationDuration=\"0.1\" data-animationOffset=\"top-into-view\"><div class=\"fusion-column-wrapper fusion-flex-column-wrapper-legacy\"><div class=\"fusion-text fusion-text-2\"><p style=\"text-align: center; font-weight: 100;\"><span style=\"color: #ff0000; font-size: 36px;\">CONTACTEZ-NOUS<\/span><br \/><span style=\"text-align: center; font-size: 26px; color: #fff; line-height: 30px;\">Parce que la satisfaction du client est une priorit\u00e9<\/span><\/p>\n<p style=\"text-align: center;\"><span style=\"font-size: 21px; color: #fff;\">94 498 05 05<br \/>info@bolsascastresana.com<\/span><\/p>\n<\/div><div class=\"fusion-aligncenter\"><a class=\"fusion-button button-flat button-large button-custom fusion-button-default button-1 fusion-button-default-span fusion-button-default-type fusion-animated\" style=\"--button_accent_color:#333333;--button_border_color:#333333;--button_accent_hover_color:#d8d8d8;--button_border_hover_color:#d8d8d8;--button_gradient_top_color:#f2f2f2;--button_gradient_bottom_color:#f2f2f2;--button_gradient_top_color_hover:#383838;--button_gradient_bottom_color_hover:#383838;\" data-animationType=\"fadeInUp\" data-animationDuration=\"1\" data-animationOffset=\"top-into-view\" target=\"_self\" href=\"#\"><span class=\"fusion-button-text\">CONTACT<\/span><\/a><\/div><div class=\"fusion-clearfix\"><\/div><\/div><\/div><\/div><\/div><\/p>\n","protected":false},"excerpt":{"rendered":"","protected":false},"author":2,"featured_media":0,"parent":0,"menu_order":1,"comment_status":"closed","ping_status":"closed","template":"100-width.php","meta":{"footnotes":""},"class_list":["post-12469","page","type-page","status-publish","hentry"],"yoast_head":"<!-- This site is optimized with the Yoast SEO plugin v24.1 - https:\/\/yoast.com\/wordpress\/plugins\/seo\/ -->\n<title>Anticorrosif Vci - Bolsas Castresana<\/title>\n<meta name=\"description\" content=\"Fabrication et Distribution Anticorrosif Vci\" \/>\n<meta name=\"robots\" content=\"index, follow, max-snippet:-1, max-image-preview:large, max-video-preview:-1\" \/>\n<link rel=\"canonical\" href=\"https:\/\/bolsascastresana-fabricantedeplasticos.com\/index.php\/anticorrosif-vci\/\" \/>\n<meta property=\"og:locale\" content=\"es_ES\" \/>\n<meta property=\"og:type\" content=\"article\" \/>\n<meta property=\"og:title\" content=\"Anticorrosif Vci - Bolsas Castresana\" \/>\n<meta property=\"og:description\" content=\"Fabrication et Distribution Anticorrosif Vci\" \/>\n<meta property=\"og:url\" content=\"https:\/\/bolsascastresana-fabricantedeplasticos.com\/index.php\/anticorrosif-vci\/?lang=fr\" \/>\n<meta property=\"og:site_name\" content=\"Bolsas Castresana\" \/>\n<meta property=\"article:modified_time\" content=\"2024-12-20T11:05:12+00:00\" \/>\n<meta property=\"og:image\" content=\"https:\/\/bolsascastresana-fabricantedeplasticos.com\/wp-content\/uploads\/2016\/06\/DSC02562-copia-e1528128053378.jpg\" \/>\n\t<meta property=\"og:image:width\" content=\"1024\" \/>\n\t<meta property=\"og:image:height\" content=\"768\" \/>\n\t<meta property=\"og:image:type\" content=\"image\/jpeg\" \/>\n<meta name=\"twitter:card\" content=\"summary_large_image\" \/>\n<meta name=\"twitter:label1\" content=\"Tiempo de lectura\" \/>\n\t<meta name=\"twitter:data1\" content=\"5 minutos\" \/>\n<script type=\"application\/ld+json\" class=\"yoast-schema-graph\">{\"@context\":\"https:\/\/schema.org\",\"@graph\":[{\"@type\":\"WebPage\",\"@id\":\"https:\/\/bolsascastresana-fabricantedeplasticos.com\/index.php\/anticorrosif-vci\/?lang=fr\",\"url\":\"https:\/\/bolsascastresana-fabricantedeplasticos.com\/index.php\/anticorrosif-vci\/?lang=fr\",\"name\":\"Anticorrosif Vci - Bolsas Castresana\",\"isPartOf\":{\"@id\":\"https:\/\/bolsascastresana-fabricantedeplasticos.com\/#website\"},\"primaryImageOfPage\":{\"@id\":\"https:\/\/bolsascastresana-fabricantedeplasticos.com\/index.php\/anticorrosif-vci\/?lang=fr#primaryimage\"},\"image\":{\"@id\":\"https:\/\/bolsascastresana-fabricantedeplasticos.com\/index.php\/anticorrosif-vci\/?lang=fr#primaryimage\"},\"thumbnailUrl\":\"https:\/\/bolsascastresana-fabricantedeplasticos.com\/wp-content\/uploads\/2016\/06\/DSC02562-copia-e1528128053378.jpg\",\"datePublished\":\"2018-06-05T11:51:41+00:00\",\"dateModified\":\"2024-12-20T11:05:12+00:00\",\"description\":\"Fabrication et Distribution Anticorrosif Vci\",\"breadcrumb\":{\"@id\":\"https:\/\/bolsascastresana-fabricantedeplasticos.com\/index.php\/anticorrosif-vci\/?lang=fr#breadcrumb\"},\"inLanguage\":\"es\",\"potentialAction\":[{\"@type\":\"ReadAction\",\"target\":[\"https:\/\/bolsascastresana-fabricantedeplasticos.com\/index.php\/anticorrosif-vci\/?lang=fr\"]}]},{\"@type\":\"ImageObject\",\"inLanguage\":\"es\",\"@id\":\"https:\/\/bolsascastresana-fabricantedeplasticos.com\/index.php\/anticorrosif-vci\/?lang=fr#primaryimage\",\"url\":\"https:\/\/bolsascastresana-fabricantedeplasticos.com\/wp-content\/uploads\/2016\/06\/DSC02562-copia-e1528128053378.jpg\",\"contentUrl\":\"https:\/\/bolsascastresana-fabricantedeplasticos.com\/wp-content\/uploads\/2016\/06\/DSC02562-copia-e1528128053378.jpg\",\"width\":2550,\"height\":1913,\"caption\":\"ANTICORROSIVO VCI\"},{\"@type\":\"BreadcrumbList\",\"@id\":\"https:\/\/bolsascastresana-fabricantedeplasticos.com\/index.php\/anticorrosif-vci\/?lang=fr#breadcrumb\",\"itemListElement\":[{\"@type\":\"ListItem\",\"position\":1,\"name\":\"Portada\",\"item\":\"https:\/\/bolsascastresana-fabricantedeplasticos.com\/\"},{\"@type\":\"ListItem\",\"position\":2,\"name\":\"Anticorrosif Vci\"}]},{\"@type\":\"WebSite\",\"@id\":\"https:\/\/bolsascastresana-fabricantedeplasticos.com\/#website\",\"url\":\"https:\/\/bolsascastresana-fabricantedeplasticos.com\/\",\"name\":\"Bolsas Castresana\",\"description\":\"Fabricantes de Bolsas y Embalajes de Pl\u00e1stico\",\"potentialAction\":[{\"@type\":\"SearchAction\",\"target\":{\"@type\":\"EntryPoint\",\"urlTemplate\":\"https:\/\/bolsascastresana-fabricantedeplasticos.com\/?s={search_term_string}\"},\"query-input\":{\"@type\":\"PropertyValueSpecification\",\"valueRequired\":true,\"valueName\":\"search_term_string\"}}],\"inLanguage\":\"es\"}]}<\/script>\n<!-- \/ Yoast SEO plugin. -->","yoast_head_json":{"title":"Anticorrosif Vci - Bolsas Castresana","description":"Fabrication et Distribution Anticorrosif Vci","robots":{"index":"index","follow":"follow","max-snippet":"max-snippet:-1","max-image-preview":"max-image-preview:large","max-video-preview":"max-video-preview:-1"},"canonical":"https:\/\/bolsascastresana-fabricantedeplasticos.com\/index.php\/anticorrosif-vci\/","og_locale":"es_ES","og_type":"article","og_title":"Anticorrosif Vci - Bolsas Castresana","og_description":"Fabrication et Distribution Anticorrosif Vci","og_url":"https:\/\/bolsascastresana-fabricantedeplasticos.com\/index.php\/anticorrosif-vci\/?lang=fr","og_site_name":"Bolsas Castresana","article_modified_time":"2024-12-20T11:05:12+00:00","og_image":[{"url":"https:\/\/bolsascastresana-fabricantedeplasticos.com\/wp-content\/uploads\/2016\/06\/DSC02562-copia-e1528128053378.jpg","width":1024,"height":768,"type":"image\/jpeg"}],"twitter_card":"summary_large_image","twitter_misc":{"Tiempo de lectura":"5 minutos"},"schema":{"@context":"https:\/\/schema.org","@graph":[{"@type":"WebPage","@id":"https:\/\/bolsascastresana-fabricantedeplasticos.com\/index.php\/anticorrosif-vci\/?lang=fr","url":"https:\/\/bolsascastresana-fabricantedeplasticos.com\/index.php\/anticorrosif-vci\/?lang=fr","name":"Anticorrosif Vci - Bolsas Castresana","isPartOf":{"@id":"https:\/\/bolsascastresana-fabricantedeplasticos.com\/#website"},"primaryImageOfPage":{"@id":"https:\/\/bolsascastresana-fabricantedeplasticos.com\/index.php\/anticorrosif-vci\/?lang=fr#primaryimage"},"image":{"@id":"https:\/\/bolsascastresana-fabricantedeplasticos.com\/index.php\/anticorrosif-vci\/?lang=fr#primaryimage"},"thumbnailUrl":"https:\/\/bolsascastresana-fabricantedeplasticos.com\/wp-content\/uploads\/2016\/06\/DSC02562-copia-e1528128053378.jpg","datePublished":"2018-06-05T11:51:41+00:00","dateModified":"2024-12-20T11:05:12+00:00","description":"Fabrication et Distribution Anticorrosif Vci","breadcrumb":{"@id":"https:\/\/bolsascastresana-fabricantedeplasticos.com\/index.php\/anticorrosif-vci\/?lang=fr#breadcrumb"},"inLanguage":"es","potentialAction":[{"@type":"ReadAction","target":["https:\/\/bolsascastresana-fabricantedeplasticos.com\/index.php\/anticorrosif-vci\/?lang=fr"]}]},{"@type":"ImageObject","inLanguage":"es","@id":"https:\/\/bolsascastresana-fabricantedeplasticos.com\/index.php\/anticorrosif-vci\/?lang=fr#primaryimage","url":"https:\/\/bolsascastresana-fabricantedeplasticos.com\/wp-content\/uploads\/2016\/06\/DSC02562-copia-e1528128053378.jpg","contentUrl":"https:\/\/bolsascastresana-fabricantedeplasticos.com\/wp-content\/uploads\/2016\/06\/DSC02562-copia-e1528128053378.jpg","width":2550,"height":1913,"caption":"ANTICORROSIVO VCI"},{"@type":"BreadcrumbList","@id":"https:\/\/bolsascastresana-fabricantedeplasticos.com\/index.php\/anticorrosif-vci\/?lang=fr#breadcrumb","itemListElement":[{"@type":"ListItem","position":1,"name":"Portada","item":"https:\/\/bolsascastresana-fabricantedeplasticos.com\/"},{"@type":"ListItem","position":2,"name":"Anticorrosif Vci"}]},{"@type":"WebSite","@id":"https:\/\/bolsascastresana-fabricantedeplasticos.com\/#website","url":"https:\/\/bolsascastresana-fabricantedeplasticos.com\/","name":"Bolsas Castresana","description":"Fabricantes de Bolsas y Embalajes de Pl\u00e1stico","potentialAction":[{"@type":"SearchAction","target":{"@type":"EntryPoint","urlTemplate":"https:\/\/bolsascastresana-fabricantedeplasticos.com\/?s={search_term_string}"},"query-input":{"@type":"PropertyValueSpecification","valueRequired":true,"valueName":"search_term_string"}}],"inLanguage":"es"}]}},"_links":{"self":[{"href":"https:\/\/bolsascastresana-fabricantedeplasticos.com\/index.php\/wp-json\/wp\/v2\/pages\/12469","targetHints":{"allow":["GET"]}}],"collection":[{"href":"https:\/\/bolsascastresana-fabricantedeplasticos.com\/index.php\/wp-json\/wp\/v2\/pages"}],"about":[{"href":"https:\/\/bolsascastresana-fabricantedeplasticos.com\/index.php\/wp-json\/wp\/v2\/types\/page"}],"author":[{"embeddable":true,"href":"https:\/\/bolsascastresana-fabricantedeplasticos.com\/index.php\/wp-json\/wp\/v2\/users\/2"}],"replies":[{"embeddable":true,"href":"https:\/\/bolsascastresana-fabricantedeplasticos.com\/index.php\/wp-json\/wp\/v2\/comments?post=12469"}],"version-history":[{"count":4,"href":"https:\/\/bolsascastresana-fabricantedeplasticos.com\/index.php\/wp-json\/wp\/v2\/pages\/12469\/revisions"}],"predecessor-version":[{"id":12474,"href":"https:\/\/bolsascastresana-fabricantedeplasticos.com\/index.php\/wp-json\/wp\/v2\/pages\/12469\/revisions\/12474"}],"wp:attachment":[{"href":"https:\/\/bolsascastresana-fabricantedeplasticos.com\/index.php\/wp-json\/wp\/v2\/media?parent=12469"}],"curies":[{"name":"wp","href":"https:\/\/api.w.org\/{rel}","templated":true}]}}